{"id":1071,"date":"2025-11-06T18:29:47","date_gmt":"2025-11-06T17:29:47","guid":{"rendered":"http:\/\/localhost\/ceogi\/wordpress\/?page_id=1071"},"modified":"2025-11-11T12:55:29","modified_gmt":"2025-11-11T18:55:29","slug":"elementor-pagina-1071","status":"publish","type":"page","link":"https:\/\/ceogi.net\/?page_id=1071","title":{"rendered":"ISO 42001"},"content":{"rendered":"\t\t<div data-elementor-type=\"wp-page\" data-elementor-id=\"1071\" class=\"elementor elementor-1071\">\n\t\t\t\t<div class=\"elementor-element elementor-element-f2b1319 e-flex e-con-boxed e-con e-parent\" data-id=\"f2b1319\" data-element_type=\"container\" data-settings=\"{&quot;background_background&quot;:&quot;classic&quot;}\">\n\t\t\t\t\t<div class=\"e-con-inner\">\n\t\t<div class=\"elementor-element elementor-element-0be4055 e-con-full e-flex e-con e-child\" data-id=\"0be4055\" data-element_type=\"container\">\n\t\t\t\t<\/div>\n\t\t<div class=\"elementor-element elementor-element-5e701b4 e-con-full e-flex e-con e-child\" data-id=\"5e701b4\" data-element_type=\"container\">\n\t\t\t\t<div class=\"elementor-element elementor-element-7ffb475 elementor-widget elementor-widget-text-editor\" data-id=\"7ffb475\" data-element_type=\"widget\" data-widget_type=\"text-editor.default\">\n\t\t\t\t\t\t\t\t\t<p><strong data-start=\"90\" data-end=\"185\">La ISO 42001 es la norma internacional para Sistemas de Gesti\u00f3n de Inteligencia Artificial.<\/strong> Establece requisitos y controles para desarrollar, implementar y usar soluciones de IA de manera responsable, \u00e9tica, segura y transparente. Su objetivo es reducir riesgos asociados a la automatizaci\u00f3n, proteger datos, garantizar trazabilidad de decisiones y generar confianza entre usuarios, clientes y autoridades.<\/p>\t\t\t\t\t\t\t\t<\/div>\n\t\t\t\t<\/div>\n\t\t\t\t\t<\/div>\n\t\t\t\t<\/div>\n\t\t<div class=\"elementor-element elementor-element-a2f632b e-flex e-con-boxed e-con e-parent\" data-id=\"a2f632b\" data-element_type=\"container\" data-settings=\"{&quot;background_background&quot;:&quot;classic&quot;}\">\n\t\t\t\t\t<div class=\"e-con-inner\">\n\t\t<div class=\"elementor-element elementor-element-fde831b e-con-full e-flex e-con e-child\" data-id=\"fde831b\" data-element_type=\"container\">\n\t\t\t\t<\/div>\n\t\t<div class=\"elementor-element elementor-element-35bc9ad e-con-full e-flex e-con e-child\" data-id=\"35bc9ad\" data-element_type=\"container\">\n\t\t\t\t<div class=\"elementor-element elementor-element-26980e8 elementor-widget elementor-widget-text-editor\" data-id=\"26980e8\" data-element_type=\"widget\" data-widget_type=\"text-editor.default\">\n\t\t\t\t\t\t\t\t\t<h3 data-start=\"212\" data-end=\"281\"><strong data-start=\"216\" data-end=\"281\">1. Gesti\u00f3n segura y responsable de la Inteligencia Artificial<\/strong><\/h3>\n<hr data-start=\"430\" data-end=\"433\">\n<h3 data-start=\"435\" data-end=\"492\"><strong data-start=\"439\" data-end=\"492\">2. Protecci\u00f3n de datos y cumplimiento regulatorio<\/strong><\/h3>\n<p><\/p>\t\t\t\t\t\t\t\t<\/div>\n\t\t\t\t<\/div>\n\t\t<div class=\"elementor-element elementor-element-615d155 e-con-full e-flex e-con e-child\" data-id=\"615d155\" data-element_type=\"container\">\n\t\t\t\t<div class=\"elementor-element elementor-element-9e592e3 elementor-widget elementor-widget-text-editor\" data-id=\"9e592e3\" data-element_type=\"widget\" data-widget_type=\"text-editor.default\">\n\t\t\t\t\t\t\t\t\t<h3 data-start=\"677\" data-end=\"707\"><strong data-start=\"681\" data-end=\"707\">3. Mejora reputacional<\/strong><\/h3><hr data-start=\"877\" data-end=\"880\" \/><h3 data-start=\"882\" data-end=\"913\"><strong data-start=\"886\" data-end=\"913\">4. Reducci\u00f3n de riesgo<\/strong><\/h3>\t\t\t\t\t\t\t\t<\/div>\n\t\t\t\t<\/div>\n\t\t<div class=\"elementor-element elementor-element-339750c e-con-full e-flex e-con e-child\" data-id=\"339750c\" data-element_type=\"container\">\n\t\t\t\t<\/div>\n\t\t<div class=\"elementor-element elementor-element-180a949 e-con-full e-flex e-con e-child\" data-id=\"180a949\" data-element_type=\"container\">\n\t\t\t\t<div class=\"elementor-element elementor-element-dab70ef elementor-widget elementor-widget-text-editor\" data-id=\"dab70ef\" data-element_type=\"widget\" data-widget_type=\"text-editor.default\">\n\t\t\t\t\t\t\t\t\t<h3 data-start=\"1099\" data-end=\"1145\"><strong data-start=\"1103\" data-end=\"1145\">5. Aumento de la confianza del mercado<\/strong><\/h3>\n<h3 data-start=\"1340\" data-end=\"1370\"><strong data-start=\"1344\" data-end=\"1370\">6. Ventaja competitiva<\/strong><\/h3>\t\t\t\t\t\t\t\t<\/div>\n\t\t\t\t<\/div>\n\t\t<div class=\"elementor-element elementor-element-7b016aa e-con-full e-flex e-con e-child\" data-id=\"7b016aa\" data-element_type=\"container\">\n\t\t\t\t<div class=\"elementor-element elementor-element-04c1e86 elementor-widget elementor-widget-text-editor\" data-id=\"04c1e86\" data-element_type=\"widget\" data-widget_type=\"text-editor.default\">\n\t\t\t\t\t\t\t\t\t<h3 data-start=\"1535\" data-end=\"1568\"><strong data-start=\"1539\" data-end=\"1568\">7. Optimizaci\u00f3n operativa<\/strong><\/h3><p>\u00a0<\/p>\t\t\t\t\t\t\t\t<\/div>\n\t\t\t\t<\/div>\n\t\t\t\t\t<\/div>\n\t\t\t\t<\/div>\n\t\t<div class=\"elementor-element elementor-element-25cb372 e-flex e-con-boxed e-con e-parent\" data-id=\"25cb372\" data-element_type=\"container\" data-settings=\"{&quot;background_background&quot;:&quot;classic&quot;}\">\n\t\t\t\t\t<div class=\"e-con-inner\">\n\t\t\t\t<div class=\"elementor-element elementor-element-11c8c4b elementor-widget elementor-widget-image\" data-id=\"11c8c4b\" data-element_type=\"widget\" data-widget_type=\"image.default\">\n\t\t\t\t\t\t\t\t\t\t\t\t\t\t\t<img decoding=\"async\" src=\"https:\/\/ceogi.net\/wp-content\/uploads\/2025\/11\/42001-3.png\" title=\"42001 3\" alt=\"42001 3\" loading=\"lazy\" \/>\t\t\t\t\t\t\t\t\t\t\t\t\t\t\t<\/div>\n\t\t\t\t\t<\/div>\n\t\t\t\t<\/div>\n\t\t<div class=\"elementor-element elementor-element-4c6652b e-flex e-con-boxed e-con e-parent\" data-id=\"4c6652b\" data-element_type=\"container\">\n\t\t\t\t\t<div class=\"e-con-inner\">\n\t\t\t\t<div class=\"elementor-element elementor-element-106992b elementor-widget elementor-widget-image\" data-id=\"106992b\" data-element_type=\"widget\" data-widget_type=\"image.default\">\n\t\t\t\t\t\t\t\t\t\t\t\t\t\t\t<img decoding=\"async\" src=\"https:\/\/ceogi.net\/wp-content\/uploads\/2025\/11\/4-a-8-meses.png\" title=\"4 a 8 meses\" alt=\"4 a 8 meses\" loading=\"lazy\" \/>\t\t\t\t\t\t\t\t\t\t\t\t\t\t\t<\/div>\n\t\t\t\t<div class=\"elementor-element elementor-element-2384743 elementor-widget elementor-widget-text-editor\" data-id=\"2384743\" data-element_type=\"widget\" data-widget_type=\"text-editor.default\">\n\t\t\t\t\t\t\t\t\t<p><strong data-start=\"114\" data-end=\"192\">El tiempo de implementaci\u00f3n de la ISO 42001 suele variar entre 4 y 8 meses<\/strong>, dependiendo del nivel de madurez tecnol\u00f3gica de la empresa, la cantidad de procesos que utilizan Inteligencia Artificial y el estado actual de sus controles de seguridad, \u00e9tica y privacidad. Organizaciones con sistemas de IA ya estructurados avanzan m\u00e1s r\u00e1pido, mientras que empresas que reci\u00e9n inician requieren mayor an\u00e1lisis, capacitaci\u00f3n y ajustes antes de la certificaci\u00f3n.<\/p>\t\t\t\t\t\t\t\t<\/div>\n\t\t\t\t\t<\/div>\n\t\t\t\t<\/div>\n\t\t<div class=\"elementor-element elementor-element-410d569 e-flex e-con-boxed e-con e-parent\" data-id=\"410d569\" data-element_type=\"container\" data-settings=\"{&quot;background_background&quot;:&quot;classic&quot;}\">\n\t\t\t\t\t<div class=\"e-con-inner\">\n\t\t\t\t<div class=\"elementor-element elementor-element-9e0ddd3 elementor-widget elementor-widget-image\" data-id=\"9e0ddd3\" data-element_type=\"widget\" data-widget_type=\"image.default\">\n\t\t\t\t\t\t\t\t\t\t\t\t\t\t\t<img decoding=\"async\" src=\"https:\/\/ceogi.net\/wp-content\/uploads\/2025\/11\/42001-5.png\" title=\"42001 5\" alt=\"42001 5\" loading=\"lazy\" \/>\t\t\t\t\t\t\t\t\t\t\t\t\t\t\t<\/div>\n\t\t\t\t\t<\/div>\n\t\t\t\t<\/div>\n\t\t<div class=\"elementor-element elementor-element-a36b343 e-flex e-con-boxed e-con e-parent\" data-id=\"a36b343\" data-element_type=\"container\" data-settings=\"{&quot;background_background&quot;:&quot;classic&quot;}\">\n\t\t\t\t\t<div class=\"e-con-inner\">\n\t\t\t\t<div class=\"elementor-element elementor-element-317bef9 elementor-widget elementor-widget-button\" data-id=\"317bef9\" data-element_type=\"widget\" data-widget_type=\"button.default\">\n\t\t\t\t\t\t\t\t\t\t<a class=\"elementor-button elementor-button-link elementor-size-sm\" href=\"http:\/\/wa.link\/0un6pb\">\n\t\t\t\t\t\t<span class=\"elementor-button-content-wrapper\">\n\t\t\t\t\t\t\t\t\t<span class=\"elementor-button-text\">Solicita una consultoria gratuita<\/span>\n\t\t\t\t\t<\/span>\n\t\t\t\t\t<\/a>\n\t\t\t\t\t\t\t\t<\/div>\n\t\t\t\t\t<\/div>\n\t\t\t\t<\/div>\n\t\t<div class=\"elementor-element elementor-element-3006925d e-flex e-con-boxed e-con e-parent\" data-id=\"3006925d\" data-element_type=\"container\" data-settings=\"{&quot;background_background&quot;:&quot;classic&quot;}\">\n\t\t\t\t\t<div class=\"e-con-inner\">\n\t\t<div class=\"elementor-element elementor-element-55b292b4 e-con-full e-flex e-con e-child\" data-id=\"55b292b4\" data-element_type=\"container\">\n\t\t\t\t<div class=\"elementor-element elementor-element-53c130ad elementor-widget elementor-widget-image\" data-id=\"53c130ad\" data-element_type=\"widget\" data-widget_type=\"image.default\">\n\t\t\t\t\t\t\t\t\t\t\t\t\t\t\t<img fetchpriority=\"high\" decoding=\"async\" width=\"819\" height=\"262\" src=\"https:\/\/ceogi.net\/wp-content\/uploads\/2025\/11\/ceo2.jpg\" class=\"attachment-large size-large wp-image-313\" alt=\"\" \/>\t\t\t\t\t\t\t\t\t\t\t\t\t\t\t<\/div>\n\t\t\t\t<\/div>\n\t\t<div class=\"elementor-element elementor-element-1c3f5c63 e-con-full e-flex e-con e-child\" data-id=\"1c3f5c63\" data-element_type=\"container\">\n\t\t\t\t<div class=\"elementor-element elementor-element-3b121e73 elementor-widget elementor-widget-heading\" data-id=\"3b121e73\" data-element_type=\"widget\" data-widget_type=\"heading.default\">\n\t\t\t\t\t<h2 class=\"elementor-heading-title elementor-size-default\">Direcci\u00f3n<\/h2>\t\t\t\t<\/div>\n\t\t\t\t<div class=\"elementor-element elementor-element-635e692f elementor-widget elementor-widget-text-editor\" data-id=\"635e692f\" data-element_type=\"widget\" data-widget_type=\"text-editor.default\">\n\t\t\t\t\t\t\t\t\t<p>Urdesa Norte Avenida Primera #222 y calle tercera<\/p>\t\t\t\t\t\t\t\t<\/div>\n\t\t\t\t<\/div>\n\t\t<div class=\"elementor-element elementor-element-49a254a0 e-con-full e-flex e-con e-child\" data-id=\"49a254a0\" data-element_type=\"container\">\n\t\t\t\t<div class=\"elementor-element elementor-element-12f0586c elementor-widget elementor-widget-heading\" data-id=\"12f0586c\" data-element_type=\"widget\" data-widget_type=\"heading.default\">\n\t\t\t\t\t<h2 class=\"elementor-heading-title elementor-size-default\">Redes Sociales<\/h2>\t\t\t\t<\/div>\n\t\t\t\t<div class=\"elementor-element elementor-element-235c76d elementor-view-default elementor-widget elementor-widget-icon\" data-id=\"235c76d\" data-element_type=\"widget\" data-widget_type=\"icon.default\">\n\t\t\t\t\t\t\t<div class=\"elementor-icon-wrapper\">\n\t\t\t<a class=\"elementor-icon\" href=\"https:\/\/www.linkedin.com\/company\/ceogi\/?viewAsMember=true\">\n\t\t\t<svg aria-hidden=\"true\" class=\"e-font-icon-svg e-fab-linkedin\" viewBox=\"0 0 448 512\" xmlns=\"http:\/\/www.w3.org\/2000\/svg\"><path d=\"M416 32H31.9C14.3 32 0 46.5 0 64.3v383.4C0 465.5 14.3 480 31.9 480H416c17.6 0 32-14.5 32-32.3V64.3c0-17.8-14.4-32.3-32-32.3zM135.4 416H69V202.2h66.5V416zm-33.2-243c-21.3 0-38.5-17.3-38.5-38.5S80.9 96 102.2 96c21.2 0 38.5 17.3 38.5 38.5 0 21.3-17.2 38.5-38.5 38.5zm282.1 243h-66.4V312c0-24.8-.5-56.7-34.5-56.7-34.6 0-39.9 27-39.9 54.9V416h-66.4V202.2h63.7v29.2h.9c8.9-16.8 30.6-34.5 62.9-34.5 67.2 0 79.7 44.3 79.7 101.9V416z\"><\/path><\/svg>\t\t\t<\/a>\n\t\t<\/div>\n\t\t\t\t\t\t<\/div>\n\t\t\t\t<div class=\"elementor-element elementor-element-3b62ec74 elementor-view-default elementor-widget elementor-widget-icon\" data-id=\"3b62ec74\" data-element_type=\"widget\" data-widget_type=\"icon.default\">\n\t\t\t\t\t\t\t<div class=\"elementor-icon-wrapper\">\n\t\t\t<a class=\"elementor-icon\" href=\"https:\/\/www.instagram.com\/ceo_gestiones_integrales?utm_source=ig_web_button_share_sheet&#038;igsh=ZDNlZDc0MzIxNw==\">\n\t\t\t<svg aria-hidden=\"true\" class=\"e-font-icon-svg e-fab-instagram\" viewBox=\"0 0 448 512\" xmlns=\"http:\/\/www.w3.org\/2000\/svg\"><path d=\"M224.1 141c-63.6 0-114.9 51.3-114.9 114.9s51.3 114.9 114.9 114.9S339 319.5 339 255.9 287.7 141 224.1 141zm0 189.6c-41.1 0-74.7-33.5-74.7-74.7s33.5-74.7 74.7-74.7 74.7 33.5 74.7 74.7-33.6 74.7-74.7 74.7zm146.4-194.3c0 14.9-12 26.8-26.8 26.8-14.9 0-26.8-12-26.8-26.8s12-26.8 26.8-26.8 26.8 12 26.8 26.8zm76.1 27.2c-1.7-35.9-9.9-67.7-36.2-93.9-26.2-26.2-58-34.4-93.9-36.2-37-2.1-147.9-2.1-184.9 0-35.8 1.7-67.6 9.9-93.9 36.1s-34.4 58-36.2 93.9c-2.1 37-2.1 147.9 0 184.9 1.7 35.9 9.9 67.7 36.2 93.9s58 34.4 93.9 36.2c37 2.1 147.9 2.1 184.9 0 35.9-1.7 67.7-9.9 93.9-36.2 26.2-26.2 34.4-58 36.2-93.9 2.1-37 2.1-147.8 0-184.8zM398.8 388c-7.8 19.6-22.9 34.7-42.6 42.6-29.5 11.7-99.5 9-132.1 9s-102.7 2.6-132.1-9c-19.6-7.8-34.7-22.9-42.6-42.6-11.7-29.5-9-99.5-9-132.1s-2.6-102.7 9-132.1c7.8-19.6 22.9-34.7 42.6-42.6 29.5-11.7 99.5-9 132.1-9s102.7-2.6 132.1 9c19.6 7.8 34.7 22.9 42.6 42.6 11.7 29.5 9 99.5 9 132.1s2.7 102.7-9 132.1z\"><\/path><\/svg>\t\t\t<\/a>\n\t\t<\/div>\n\t\t\t\t\t\t<\/div>\n\t\t\t\t<\/div>\n\t\t<div class=\"elementor-element elementor-element-1c912400 e-con-full e-flex e-con e-child\" data-id=\"1c912400\" data-element_type=\"container\">\n\t\t\t\t<div class=\"elementor-element elementor-element-2774a2c7 elementor-widget elementor-widget-heading\" data-id=\"2774a2c7\" data-element_type=\"widget\" data-widget_type=\"heading.default\">\n\t\t\t\t\t<h2 class=\"elementor-heading-title elementor-size-default\">Comunicate con nosotros<\/h2>\t\t\t\t<\/div>\n\t\t\t\t<div class=\"elementor-element elementor-element-5e62b811 elementor-view-default elementor-widget elementor-widget-icon\" data-id=\"5e62b811\" data-element_type=\"widget\" data-widget_type=\"icon.default\">\n\t\t\t\t\t\t\t<div class=\"elementor-icon-wrapper\">\n\t\t\t<a class=\"elementor-icon\" href=\"http:\/\/wa.link\/0un6pb\">\n\t\t\t<svg aria-hidden=\"true\" class=\"e-font-icon-svg e-fab-whatsapp\" viewBox=\"0 0 448 512\" xmlns=\"http:\/\/www.w3.org\/2000\/svg\"><path d=\"M380.9 97.1C339 55.1 283.2 32 223.9 32c-122.4 0-222 99.6-222 222 0 39.1 10.2 77.3 29.6 111L0 480l117.7-30.9c32.4 17.7 68.9 27 106.1 27h.1c122.3 0 224.1-99.6 224.1-222 0-59.3-25.2-115-67.1-157zm-157 341.6c-33.2 0-65.7-8.9-94-25.7l-6.7-4-69.8 18.3L72 359.2l-4.4-7c-18.5-29.4-28.2-63.3-28.2-98.2 0-101.7 82.8-184.5 184.6-184.5 49.3 0 95.6 19.2 130.4 54.1 34.8 34.9 56.2 81.2 56.1 130.5 0 101.8-84.9 184.6-186.6 184.6zm101.2-138.2c-5.5-2.8-32.8-16.2-37.9-18-5.1-1.9-8.8-2.8-12.5 2.8-3.7 5.6-14.3 18-17.6 21.8-3.2 3.7-6.5 4.2-12 1.4-32.6-16.3-54-29.1-75.5-66-5.7-9.8 5.7-9.1 16.3-30.3 1.8-3.7.9-6.9-.5-9.7-1.4-2.8-12.5-30.1-17.1-41.2-4.5-10.8-9.1-9.3-12.5-9.5-3.2-.2-6.9-.2-10.6-.2-3.7 0-9.7 1.4-14.8 6.9-5.1 5.6-19.4 19-19.4 46.3 0 27.3 19.9 53.7 22.6 57.4 2.8 3.7 39.1 59.7 94.8 83.8 35.2 15.2 49 16.5 66.6 13.9 10.7-1.6 32.8-13.4 37.4-26.4 4.6-13 4.6-24.1 3.2-26.4-1.3-2.5-5-3.9-10.5-6.6z\"><\/path><\/svg>\t\t\t<\/a>\n\t\t<\/div>\n\t\t\t\t\t\t<\/div>\n\t\t\t\t<\/div>\n\t\t\t\t\t<\/div>\n\t\t\t\t<\/div>\n\t\t\t\t<\/div>\n\t\t","protected":false},"excerpt":{"rendered":"<p>La ISO 42001 es la norma internacional para Sistemas de Gesti\u00f3n de Inteligencia Artificial. Establece requisitos y controles para desarrollar, implementar y usar soluciones de IA de manera responsable, \u00e9tica, segura y transparente. Su objetivo es reducir riesgos asociados a la automatizaci\u00f3n, proteger datos, garantizar trazabilidad de decisiones y generar confianza entre usuarios, clientes y &hellip; <a href=\"https:\/\/ceogi.net\/?page_id=1071\" class=\"more-link\">Continuar leyendo<span class=\"screen-reader-text\"> \u00abISO 42001\u00bb<\/span><\/a><\/p>\n","protected":false},"author":1,"featured_media":0,"parent":0,"menu_order":0,"comment_status":"closed","ping_status":"closed","template":"home.php","meta":{"footnotes":""},"class_list":["post-1071","page","type-page","status-publish","hentry"],"_links":{"self":[{"href":"https:\/\/ceogi.net\/index.php?rest_route=\/wp\/v2\/pages\/1071","targetHints":{"allow":["GET"]}}],"collection":[{"href":"https:\/\/ceogi.net\/index.php?rest_route=\/wp\/v2\/pages"}],"about":[{"href":"https:\/\/ceogi.net\/index.php?rest_route=\/wp\/v2\/types\/page"}],"author":[{"embeddable":true,"href":"https:\/\/ceogi.net\/index.php?rest_route=\/wp\/v2\/users\/1"}],"replies":[{"embeddable":true,"href":"https:\/\/ceogi.net\/index.php?rest_route=%2Fwp%2Fv2%2Fcomments&post=1071"}],"version-history":[{"count":63,"href":"https:\/\/ceogi.net\/index.php?rest_route=\/wp\/v2\/pages\/1071\/revisions"}],"predecessor-version":[{"id":1805,"href":"https:\/\/ceogi.net\/index.php?rest_route=\/wp\/v2\/pages\/1071\/revisions\/1805"}],"wp:attachment":[{"href":"https:\/\/ceogi.net\/index.php?rest_route=%2Fwp%2Fv2%2Fmedia&parent=1071"}],"curies":[{"name":"wp","href":"https:\/\/api.w.org\/{rel}","templated":true}]}}