{"id":337,"date":"2025-11-01T23:08:59","date_gmt":"2025-11-01T22:08:59","guid":{"rendered":"http:\/\/localhost\/ceogi\/wordpress\/?page_id=337"},"modified":"2025-11-11T17:24:08","modified_gmt":"2025-11-11T23:24:08","slug":"sobre-nosotros","status":"publish","type":"page","link":"https:\/\/ceogi.net\/?page_id=337","title":{"rendered":"Sobre Nosotros"},"content":{"rendered":"\t\t<div data-elementor-type=\"wp-page\" data-elementor-id=\"337\" class=\"elementor elementor-337\">\n\t\t\t\t<div class=\"elementor-element elementor-element-75b6583 e-flex e-con-boxed e-con e-parent\" data-id=\"75b6583\" data-element_type=\"container\" data-settings=\"{&quot;background_background&quot;:&quot;classic&quot;}\">\n\t\t\t\t\t<div class=\"e-con-inner\">\n\t\t\t\t<div class=\"elementor-element elementor-element-3fddf6f elementor-widget elementor-widget-image\" data-id=\"3fddf6f\" data-element_type=\"widget\" data-widget_type=\"image.default\">\n\t\t\t\t\t\t\t\t\t\t\t\t\t\t\t<img decoding=\"async\" src=\"https:\/\/ceogi.net\/wp-content\/uploads\/2025\/11\/quienessimis.jpg\" title=\"quienessimis\" alt=\"quienessimis\" loading=\"lazy\" \/>\t\t\t\t\t\t\t\t\t\t\t\t\t\t\t<\/div>\n\t\t\t\t\t<\/div>\n\t\t\t\t<\/div>\n\t\t<div class=\"elementor-element elementor-element-a22626a e-flex e-con-boxed e-con e-parent\" data-id=\"a22626a\" data-element_type=\"container\" data-settings=\"{&quot;background_background&quot;:&quot;classic&quot;}\">\n\t\t\t\t\t<div class=\"e-con-inner\">\n\t\t\t\t<div class=\"elementor-element elementor-element-f4ea9d9 elementor-widget elementor-widget-image\" data-id=\"f4ea9d9\" data-element_type=\"widget\" data-widget_type=\"image.default\">\n\t\t\t\t\t\t\t\t\t\t\t\t\t\t\t<img decoding=\"async\" src=\"https:\/\/ceogi.net\/wp-content\/uploads\/2025\/11\/quienessimis-2.jpg\" title=\"quienessimis\" alt=\"quienessimis\" loading=\"lazy\" \/>\t\t\t\t\t\t\t\t\t\t\t\t\t\t\t<\/div>\n\t\t\t\t\t<\/div>\n\t\t\t\t<\/div>\n\t\t<div class=\"elementor-element elementor-element-9eaae3f e-flex e-con-boxed e-con e-parent\" data-id=\"9eaae3f\" data-element_type=\"container\" data-settings=\"{&quot;background_background&quot;:&quot;classic&quot;}\">\n\t\t\t\t\t<div class=\"e-con-inner\">\n\t\t\t\t<div class=\"elementor-element elementor-element-a8f6d3f elementor-widget elementor-widget-heading\" data-id=\"a8f6d3f\" data-element_type=\"widget\" data-widget_type=\"heading.default\">\n\t\t\t\t\t<h2 class=\"elementor-heading-title elementor-size-default\">\ud83c\udf0e NUESTRA EXPERIENCIA<\/h2>\t\t\t\t<\/div>\n\t\t\t\t<div class=\"elementor-element elementor-element-bd63982 elementor-widget elementor-widget-text-editor\" data-id=\"bd63982\" data-element_type=\"widget\" data-widget_type=\"text-editor.default\">\n\t\t\t\t\t\t\t\t\t<p>Hemos acompa\u00f1ado a organizaciones de alto impacto nacional e internacional:<\/p><p><img decoding=\"async\" class=\"emoji\" role=\"img\" draggable=\"false\" src=\"https:\/\/s.w.org\/images\/core\/emoji\/16.0.1\/svg\/1f539.svg\" alt=\"\ud83d\udd39\" \/> Electroguayas (CELEC EP) \u2013 Unidad termoel\u00e9ctrica m\u00e1s grande del pa\u00eds, con una potencia total de 1300 MW.\u2028<\/p><p><img decoding=\"async\" class=\"emoji\" role=\"img\" draggable=\"false\" src=\"https:\/\/s.w.org\/images\/core\/emoji\/16.0.1\/svg\/1f539.svg\" alt=\"\ud83d\udd39\" \/> CIRT \u2013 Centro de Investigaci\u00f3n y Recuperaci\u00f3n de Turbinas Hidr\u00e1ulicas y Partes Industriales, responsable de generar ahorros superiores a 22 millones de d\u00f3lares al Estado.\u2028<\/p><p><img decoding=\"async\" class=\"emoji\" role=\"img\" draggable=\"false\" src=\"https:\/\/s.w.org\/images\/core\/emoji\/16.0.1\/svg\/1f539.svg\" alt=\"\ud83d\udd39\" \/> Novacomex \u2013 Agente de aduanas certificado en BASC e ISO 9001:2015, referente en comercio exterior seguro y eficiente.<\/p><p><img decoding=\"async\" class=\"emoji\" role=\"img\" draggable=\"false\" src=\"https:\/\/s.w.org\/images\/core\/emoji\/16.0.1\/svg\/1f4a1.svg\" alt=\"\ud83d\udca1\" \/> Cada proyecto refleja nuestro compromiso con la mejora continua, la eficiencia y la confiabilidad bajo est\u00e1ndares internacionales.<\/p>\t\t\t\t\t\t\t\t<\/div>\n\t\t\t\t\t<\/div>\n\t\t\t\t<\/div>\n\t\t<div class=\"elementor-element elementor-element-9edda09 e-flex e-con-boxed e-con e-parent\" data-id=\"9edda09\" data-element_type=\"container\" data-settings=\"{&quot;background_background&quot;:&quot;classic&quot;}\">\n\t\t\t\t\t<div class=\"e-con-inner\">\n\t\t\t\t<div class=\"elementor-element elementor-element-bb434c2 elementor-widget elementor-widget-image-gallery\" data-id=\"bb434c2\" data-element_type=\"widget\" data-widget_type=\"image-gallery.default\">\n\t\t\t\t\t\t\t<div class=\"elementor-image-gallery\">\n\t\t\t<div id='gallery-1' class='gallery galleryid-337 gallery-columns-3 gallery-size-2048x2048'><figure class='gallery-item'>\n\t\t\t<div class='gallery-icon landscape'>\n\t\t\t\t<a data-elementor-open-lightbox=\"yes\" data-elementor-lightbox-slideshow=\"bb434c2\" data-elementor-lightbox-title=\"Capacitaci\u00f3n en NOVACOMEX\" data-e-action-hash=\"#elementor-action%3Aaction%3Dlightbox%26settings%3DeyJpZCI6MzQ2LCJ1cmwiOiJodHRwczpcL1wvY2VvZ2kubmV0XC93cC1jb250ZW50XC91cGxvYWRzXC8yMDI1XC8xMVwvSW1hZ2VuLWRlLVdoYXRzQXBwLTIwMjQtMDMtMTgtYS1sYXMtMTEuMzIuMjZfZjMzNmJiZTAuanBnIiwic2xpZGVzaG93IjoiYmI0MzRjMiJ9\" href='https:\/\/ceogi.net\/wp-content\/uploads\/2025\/11\/Imagen-de-WhatsApp-2024-03-18-a-las-11.32.26_f336bbe0.jpg'><img fetchpriority=\"high\" decoding=\"async\" width=\"1024\" height=\"547\" src=\"https:\/\/ceogi.net\/wp-content\/uploads\/2025\/11\/Imagen-de-WhatsApp-2024-03-18-a-las-11.32.26_f336bbe0.jpg\" class=\"attachment-2048x2048 size-2048x2048\" alt=\"\" aria-describedby=\"gallery-1-346\" \/><\/a>\n\t\t\t<\/div>\n\t\t\t\t<figcaption class='wp-caption-text gallery-caption' id='gallery-1-346'>\n\t\t\t\tCapacitaci\u00f3n en NOVACOMEX\n\t\t\t\t<\/figcaption><\/figure><figure class='gallery-item'>\n\t\t\t<div class='gallery-icon landscape'>\n\t\t\t\t<a data-elementor-open-lightbox=\"yes\" data-elementor-lightbox-slideshow=\"bb434c2\" data-elementor-lightbox-title=\"Auditoria NOVACOMEX\" data-e-action-hash=\"#elementor-action%3Aaction%3Dlightbox%26settings%3DeyJpZCI6MzQ1LCJ1cmwiOiJodHRwczpcL1wvY2VvZ2kubmV0XC93cC1jb250ZW50XC91cGxvYWRzXC8yMDI1XC8xMVwvbm92YWNvbWV4LmpwZyIsInNsaWRlc2hvdyI6ImJiNDM0YzIifQ%3D%3D\" href='https:\/\/ceogi.net\/wp-content\/uploads\/2025\/11\/novacomex.jpg'><img decoding=\"async\" width=\"1024\" height=\"768\" src=\"https:\/\/ceogi.net\/wp-content\/uploads\/2025\/11\/novacomex.jpg\" class=\"attachment-2048x2048 size-2048x2048\" alt=\"\" aria-describedby=\"gallery-1-345\" \/><\/a>\n\t\t\t<\/div>\n\t\t\t\t<figcaption class='wp-caption-text gallery-caption' id='gallery-1-345'>\n\t\t\t\tAuditoria NOVACOMEX\n\t\t\t\t<\/figcaption><\/figure><figure class='gallery-item'>\n\t\t\t<div class='gallery-icon portrait'>\n\t\t\t\t<a data-elementor-open-lightbox=\"yes\" data-elementor-lightbox-slideshow=\"bb434c2\" data-elementor-lightbox-title=\"Auditoria CIRT\" data-e-action-hash=\"#elementor-action%3Aaction%3Dlightbox%26settings%3DeyJpZCI6MzQ0LCJ1cmwiOiJodHRwczpcL1wvY2VvZ2kubmV0XC93cC1jb250ZW50XC91cGxvYWRzXC8yMDI1XC8xMVwvam9yZ2UtNC5qcGciLCJzbGlkZXNob3ciOiJiYjQzNGMyIn0%3D\" href='https:\/\/ceogi.net\/wp-content\/uploads\/2025\/11\/jorge-4.jpg'><img decoding=\"async\" width=\"623\" height=\"830\" src=\"https:\/\/ceogi.net\/wp-content\/uploads\/2025\/11\/jorge-4.jpg\" class=\"attachment-2048x2048 size-2048x2048\" alt=\"\" aria-describedby=\"gallery-1-344\" \/><\/a>\n\t\t\t<\/div>\n\t\t\t\t<figcaption class='wp-caption-text gallery-caption' id='gallery-1-344'>\n\t\t\t\tAuditoria CIRT\n\t\t\t\t<\/figcaption><\/figure><figure class='gallery-item'>\n\t\t\t<div class='gallery-icon landscape'>\n\t\t\t\t<a data-elementor-open-lightbox=\"yes\" data-elementor-lightbox-slideshow=\"bb434c2\" data-elementor-lightbox-title=\"Auditoria CGZ\" data-e-action-hash=\"#elementor-action%3Aaction%3Dlightbox%26settings%3DeyJpZCI6MzQzLCJ1cmwiOiJodHRwczpcL1wvY2VvZ2kubmV0XC93cC1jb250ZW50XC91cGxvYWRzXC8yMDI1XC8xMVwvSU1HLTIwMTkwMjEzLVdBMDAzMS5qcGciLCJzbGlkZXNob3ciOiJiYjQzNGMyIn0%3D\" href='https:\/\/ceogi.net\/wp-content\/uploads\/2025\/11\/IMG-20190213-WA0031.jpg'><img loading=\"lazy\" decoding=\"async\" width=\"1280\" height=\"960\" src=\"https:\/\/ceogi.net\/wp-content\/uploads\/2025\/11\/IMG-20190213-WA0031.jpg\" class=\"attachment-2048x2048 size-2048x2048\" alt=\"\" aria-describedby=\"gallery-1-343\" \/><\/a>\n\t\t\t<\/div>\n\t\t\t\t<figcaption class='wp-caption-text gallery-caption' id='gallery-1-343'>\n\t\t\t\tAuditoria CGZ\n\t\t\t\t<\/figcaption><\/figure><figure class='gallery-item'>\n\t\t\t<div class='gallery-icon landscape'>\n\t\t\t\t<a data-elementor-open-lightbox=\"yes\" data-elementor-lightbox-slideshow=\"bb434c2\" data-elementor-lightbox-title=\"Auditoria CIRT\" data-e-action-hash=\"#elementor-action%3Aaction%3Dlightbox%26settings%3DeyJpZCI6MzQyLCJ1cmwiOiJodHRwczpcL1wvY2VvZ2kubmV0XC93cC1jb250ZW50XC91cGxvYWRzXC8yMDI1XC8xMVwvSW1hZ2VuLWRlLVdoYXRzQXBwLTIwMjQtMDMtMTgtYS1sYXMtMTIuMTcuMDRfZDEyZTczNTAuanBnIiwic2xpZGVzaG93IjoiYmI0MzRjMiJ9\" href='https:\/\/ceogi.net\/wp-content\/uploads\/2025\/11\/Imagen-de-WhatsApp-2024-03-18-a-las-12.17.04_d12e7350.jpg'><img loading=\"lazy\" decoding=\"async\" width=\"1600\" height=\"900\" src=\"https:\/\/ceogi.net\/wp-content\/uploads\/2025\/11\/Imagen-de-WhatsApp-2024-03-18-a-las-12.17.04_d12e7350.jpg\" class=\"attachment-2048x2048 size-2048x2048\" alt=\"\" aria-describedby=\"gallery-1-342\" \/><\/a>\n\t\t\t<\/div>\n\t\t\t\t<figcaption class='wp-caption-text gallery-caption' id='gallery-1-342'>\n\t\t\t\tAuditoria CIRT\n\t\t\t\t<\/figcaption><\/figure><figure class='gallery-item'>\n\t\t\t<div class='gallery-icon landscape'>\n\t\t\t\t<a data-elementor-open-lightbox=\"yes\" data-elementor-lightbox-slideshow=\"bb434c2\" data-elementor-lightbox-title=\"Auditoria CIRT\" data-e-action-hash=\"#elementor-action%3Aaction%3Dlightbox%26settings%3DeyJpZCI6MzQxLCJ1cmwiOiJodHRwczpcL1wvY2VvZ2kubmV0XC93cC1jb250ZW50XC91cGxvYWRzXC8yMDI1XC8xMVwvSW1hZ2VuLWRlLVdoYXRzQXBwLTIwMjQtMDMtMTgtYS1sYXMtMTIuMTUuNTVfYWNkODI2ZGIuanBnIiwic2xpZGVzaG93IjoiYmI0MzRjMiJ9\" href='https:\/\/ceogi.net\/wp-content\/uploads\/2025\/11\/Imagen-de-WhatsApp-2024-03-18-a-las-12.15.55_acd826db.jpg'><img loading=\"lazy\" decoding=\"async\" width=\"1600\" height=\"900\" src=\"https:\/\/ceogi.net\/wp-content\/uploads\/2025\/11\/Imagen-de-WhatsApp-2024-03-18-a-las-12.15.55_acd826db.jpg\" class=\"attachment-2048x2048 size-2048x2048\" alt=\"\" aria-describedby=\"gallery-1-341\" \/><\/a>\n\t\t\t<\/div>\n\t\t\t\t<figcaption class='wp-caption-text gallery-caption' id='gallery-1-341'>\n\t\t\t\tAuditoria CIRT\n\t\t\t\t<\/figcaption><\/figure><figure class='gallery-item'>\n\t\t\t<div class='gallery-icon portrait'>\n\t\t\t\t<a data-elementor-open-lightbox=\"yes\" data-elementor-lightbox-slideshow=\"bb434c2\" data-elementor-lightbox-title=\"Levantamiento Procesos TRASUTAH\" data-e-action-hash=\"#elementor-action%3Aaction%3Dlightbox%26settings%3DeyJpZCI6MzQwLCJ1cmwiOiJodHRwczpcL1wvY2VvZ2kubmV0XC93cC1jb250ZW50XC91cGxvYWRzXC8yMDI1XC8xMVwvSW1hZ2VuLWRlLVdoYXRzQXBwLTIwMjQtMDMtMTgtYS1sYXMtMTEuNDIuNThfYzQxMTA4MWUuanBnIiwic2xpZGVzaG93IjoiYmI0MzRjMiJ9\" href='https:\/\/ceogi.net\/wp-content\/uploads\/2025\/11\/Imagen-de-WhatsApp-2024-03-18-a-las-11.42.58_c411081e.jpg'><img loading=\"lazy\" decoding=\"async\" width=\"1588\" height=\"1600\" src=\"https:\/\/ceogi.net\/wp-content\/uploads\/2025\/11\/Imagen-de-WhatsApp-2024-03-18-a-las-11.42.58_c411081e.jpg\" class=\"attachment-2048x2048 size-2048x2048\" alt=\"\" aria-describedby=\"gallery-1-340\" \/><\/a>\n\t\t\t<\/div>\n\t\t\t\t<figcaption class='wp-caption-text gallery-caption' id='gallery-1-340'>\n\t\t\t\tLevantamiento Procesos TRASUTAH\n\t\t\t\t<\/figcaption><\/figure><figure class='gallery-item'>\n\t\t\t<div class='gallery-icon landscape'>\n\t\t\t\t<a data-elementor-open-lightbox=\"yes\" data-elementor-lightbox-slideshow=\"bb434c2\" data-elementor-lightbox-title=\"Auditoria CSE\" data-e-action-hash=\"#elementor-action%3Aaction%3Dlightbox%26settings%3DeyJpZCI6MzM5LCJ1cmwiOiJodHRwczpcL1wvY2VvZ2kubmV0XC93cC1jb250ZW50XC91cGxvYWRzXC8yMDI1XC8xMVwvY2VvZ2ktMy5qcGciLCJzbGlkZXNob3ciOiJiYjQzNGMyIn0%3D\" href='https:\/\/ceogi.net\/wp-content\/uploads\/2025\/11\/ceogi-3.jpg'><img loading=\"lazy\" decoding=\"async\" width=\"1107\" height=\"830\" src=\"https:\/\/ceogi.net\/wp-content\/uploads\/2025\/11\/ceogi-3.jpg\" class=\"attachment-2048x2048 size-2048x2048\" alt=\"\" aria-describedby=\"gallery-1-339\" \/><\/a>\n\t\t\t<\/div>\n\t\t\t\t<figcaption class='wp-caption-text gallery-caption' id='gallery-1-339'>\n\t\t\t\tAuditoria CSE\n\t\t\t\t<\/figcaption><\/figure><figure class='gallery-item'>\n\t\t\t<div class='gallery-icon landscape'>\n\t\t\t\t<a data-elementor-open-lightbox=\"yes\" data-elementor-lightbox-slideshow=\"bb434c2\" data-elementor-lightbox-title=\"Auditoria CIRT\" data-e-action-hash=\"#elementor-action%3Aaction%3Dlightbox%26settings%3DeyJpZCI6MzUzLCJ1cmwiOiJodHRwczpcL1wvY2VvZ2kubmV0XC93cC1jb250ZW50XC91cGxvYWRzXC8yMDI1XC8xMVwvMFc3QTAyMjkuanBnIiwic2xpZGVzaG93IjoiYmI0MzRjMiJ9\" href='https:\/\/ceogi.net\/wp-content\/uploads\/2025\/11\/0W7A0229.jpg'><img loading=\"lazy\" decoding=\"async\" width=\"2048\" height=\"1150\" src=\"https:\/\/ceogi.net\/wp-content\/uploads\/2025\/11\/0W7A0229.jpg\" class=\"attachment-2048x2048 size-2048x2048\" alt=\"\" aria-describedby=\"gallery-1-353\" \/><\/a>\n\t\t\t<\/div>\n\t\t\t\t<figcaption class='wp-caption-text gallery-caption' id='gallery-1-353'>\n\t\t\t\tAuditoria CIRT\n\t\t\t\t<\/figcaption><\/figure>\n\t\t<\/div>\n\t\t<\/div>\n\t\t\t\t\t\t<\/div>\n\t\t\t\t\t<\/div>\n\t\t\t\t<\/div>\n\t\t<div class=\"elementor-element elementor-element-cdb89d4 e-flex e-con-boxed e-con e-parent\" data-id=\"cdb89d4\" data-element_type=\"container\" data-settings=\"{&quot;background_background&quot;:&quot;classic&quot;}\">\n\t\t\t\t\t<div class=\"e-con-inner\">\n\t\t\t\t<div class=\"elementor-element elementor-element-769b895 elementor-widget elementor-widget-image\" data-id=\"769b895\" data-element_type=\"widget\" data-widget_type=\"image.default\">\n\t\t\t\t\t\t\t\t\t\t\t\t\t\t\t<img decoding=\"async\" src=\"https:\/\/ceogi.net\/wp-content\/uploads\/2025\/11\/mision.jpg\" title=\"mision\" alt=\"mision\" loading=\"lazy\" \/>\t\t\t\t\t\t\t\t\t\t\t\t\t\t\t<\/div>\n\t\t\t\t\t<\/div>\n\t\t\t\t<\/div>\n\t\t<div class=\"elementor-element elementor-element-95b0c2e e-flex e-con-boxed e-con e-parent\" data-id=\"95b0c2e\" data-element_type=\"container\" data-settings=\"{&quot;background_background&quot;:&quot;classic&quot;}\">\n\t\t\t\t\t<div class=\"e-con-inner\">\n\t\t\t\t<div class=\"elementor-element elementor-element-acce960 elementor-widget elementor-widget-heading\" data-id=\"acce960\" data-element_type=\"widget\" data-widget_type=\"heading.default\">\n\t\t\t\t\t<h2 class=\"elementor-heading-title elementor-size-default\">\ud83e\udd1d POR QU\u00c9 ELEGIRNOS<\/h2>\t\t\t\t<\/div>\n\t\t\t\t<div class=\"elementor-element elementor-element-4635c30 elementor-widget elementor-widget-text-editor\" data-id=\"4635c30\" data-element_type=\"widget\" data-widget_type=\"text-editor.default\">\n\t\t\t\t\t\t\t\t\t<ul role=\"list\"><li>Experiencia comprobada en m\u00faltiples sectores.<\/li><li>Acompa\u00f1amiento integral: implementaci\u00f3n, auditor\u00edas y mantenimiento.<\/li><li>Resultados medibles en productividad y eficiencia.<\/li><li>Integraci\u00f3n entre gesti\u00f3n y tecnolog\u00eda<\/li><\/ul>\t\t\t\t\t\t\t\t<\/div>\n\t\t\t\t\t<\/div>\n\t\t\t\t<\/div>\n\t\t<div class=\"elementor-element elementor-element-ef6e455 e-flex e-con-boxed e-con e-parent\" data-id=\"ef6e455\" data-element_type=\"container\" data-settings=\"{&quot;background_background&quot;:&quot;classic&quot;}\">\n\t\t\t\t\t<div class=\"e-con-inner\">\n\t\t\t\t<div class=\"elementor-element elementor-element-548c98c elementor-widget elementor-widget-button\" data-id=\"548c98c\" data-element_type=\"widget\" data-widget_type=\"button.default\">\n\t\t\t\t\t\t\t\t\t\t<a class=\"elementor-button elementor-button-link elementor-size-sm\" href=\"http:\/\/wa.link\/0un6pb\">\n\t\t\t\t\t\t<span class=\"elementor-button-content-wrapper\">\n\t\t\t\t\t\t\t\t\t<span class=\"elementor-button-text\">Solicita una consulta gratuita<\/span>\n\t\t\t\t\t<\/span>\n\t\t\t\t\t<\/a>\n\t\t\t\t\t\t\t\t<\/div>\n\t\t\t\t\t<\/div>\n\t\t\t\t<\/div>\n\t\t<div class=\"elementor-element elementor-element-200f97a6 e-flex e-con-boxed e-con e-parent\" data-id=\"200f97a6\" data-element_type=\"container\" data-settings=\"{&quot;background_background&quot;:&quot;classic&quot;}\">\n\t\t\t\t\t<div class=\"e-con-inner\">\n\t\t<div class=\"elementor-element elementor-element-1a85c330 e-con-full e-flex e-con e-child\" data-id=\"1a85c330\" data-element_type=\"container\">\n\t\t\t\t<div class=\"elementor-element elementor-element-61b3b116 elementor-widget elementor-widget-image\" data-id=\"61b3b116\" data-element_type=\"widget\" data-widget_type=\"image.default\">\n\t\t\t\t\t\t\t\t\t\t\t\t\t\t\t<img loading=\"lazy\" decoding=\"async\" width=\"819\" height=\"262\" src=\"https:\/\/ceogi.net\/wp-content\/uploads\/2025\/11\/ceo2.jpg\" class=\"attachment-large size-large wp-image-313\" alt=\"\" \/>\t\t\t\t\t\t\t\t\t\t\t\t\t\t\t<\/div>\n\t\t\t\t<\/div>\n\t\t<div class=\"elementor-element elementor-element-675d47ff e-con-full e-flex e-con e-child\" data-id=\"675d47ff\" data-element_type=\"container\">\n\t\t\t\t<div class=\"elementor-element elementor-element-3a8efcd8 elementor-widget elementor-widget-heading\" data-id=\"3a8efcd8\" data-element_type=\"widget\" data-widget_type=\"heading.default\">\n\t\t\t\t\t<h2 class=\"elementor-heading-title elementor-size-default\">Direcci\u00f3n<\/h2>\t\t\t\t<\/div>\n\t\t\t\t<div class=\"elementor-element elementor-element-3ab284c7 elementor-widget elementor-widget-text-editor\" data-id=\"3ab284c7\" data-element_type=\"widget\" data-widget_type=\"text-editor.default\">\n\t\t\t\t\t\t\t\t\t<p>Urdesa Norte Avenida Primera #222 y calle tercera<\/p>\t\t\t\t\t\t\t\t<\/div>\n\t\t\t\t<\/div>\n\t\t<div class=\"elementor-element elementor-element-5a26d8d e-con-full e-flex e-con e-child\" data-id=\"5a26d8d\" data-element_type=\"container\">\n\t\t\t\t<div class=\"elementor-element elementor-element-36a5842e elementor-widget elementor-widget-heading\" data-id=\"36a5842e\" data-element_type=\"widget\" data-widget_type=\"heading.default\">\n\t\t\t\t\t<h2 class=\"elementor-heading-title elementor-size-default\">Redes Sociales<\/h2>\t\t\t\t<\/div>\n\t\t\t\t<div class=\"elementor-element elementor-element-127935ef elementor-view-default elementor-widget elementor-widget-icon\" data-id=\"127935ef\" data-element_type=\"widget\" data-widget_type=\"icon.default\">\n\t\t\t\t\t\t\t<div class=\"elementor-icon-wrapper\">\n\t\t\t<a class=\"elementor-icon\" href=\"https:\/\/www.linkedin.com\/company\/ceogi\/?viewAsMember=true\">\n\t\t\t<svg aria-hidden=\"true\" class=\"e-font-icon-svg e-fab-linkedin\" viewBox=\"0 0 448 512\" xmlns=\"http:\/\/www.w3.org\/2000\/svg\"><path d=\"M416 32H31.9C14.3 32 0 46.5 0 64.3v383.4C0 465.5 14.3 480 31.9 480H416c17.6 0 32-14.5 32-32.3V64.3c0-17.8-14.4-32.3-32-32.3zM135.4 416H69V202.2h66.5V416zm-33.2-243c-21.3 0-38.5-17.3-38.5-38.5S80.9 96 102.2 96c21.2 0 38.5 17.3 38.5 38.5 0 21.3-17.2 38.5-38.5 38.5zm282.1 243h-66.4V312c0-24.8-.5-56.7-34.5-56.7-34.6 0-39.9 27-39.9 54.9V416h-66.4V202.2h63.7v29.2h.9c8.9-16.8 30.6-34.5 62.9-34.5 67.2 0 79.7 44.3 79.7 101.9V416z\"><\/path><\/svg>\t\t\t<\/a>\n\t\t<\/div>\n\t\t\t\t\t\t<\/div>\n\t\t\t\t<div class=\"elementor-element elementor-element-2e2d5bfb elementor-view-default elementor-widget elementor-widget-icon\" data-id=\"2e2d5bfb\" data-element_type=\"widget\" data-widget_type=\"icon.default\">\n\t\t\t\t\t\t\t<div class=\"elementor-icon-wrapper\">\n\t\t\t<a class=\"elementor-icon\" href=\"https:\/\/www.instagram.com\/ceo_gestiones_integrales?utm_source=ig_web_button_share_sheet&#038;igsh=ZDNlZDc0MzIxNw==\">\n\t\t\t<svg aria-hidden=\"true\" class=\"e-font-icon-svg e-fab-instagram\" viewBox=\"0 0 448 512\" xmlns=\"http:\/\/www.w3.org\/2000\/svg\"><path d=\"M224.1 141c-63.6 0-114.9 51.3-114.9 114.9s51.3 114.9 114.9 114.9S339 319.5 339 255.9 287.7 141 224.1 141zm0 189.6c-41.1 0-74.7-33.5-74.7-74.7s33.5-74.7 74.7-74.7 74.7 33.5 74.7 74.7-33.6 74.7-74.7 74.7zm146.4-194.3c0 14.9-12 26.8-26.8 26.8-14.9 0-26.8-12-26.8-26.8s12-26.8 26.8-26.8 26.8 12 26.8 26.8zm76.1 27.2c-1.7-35.9-9.9-67.7-36.2-93.9-26.2-26.2-58-34.4-93.9-36.2-37-2.1-147.9-2.1-184.9 0-35.8 1.7-67.6 9.9-93.9 36.1s-34.4 58-36.2 93.9c-2.1 37-2.1 147.9 0 184.9 1.7 35.9 9.9 67.7 36.2 93.9s58 34.4 93.9 36.2c37 2.1 147.9 2.1 184.9 0 35.9-1.7 67.7-9.9 93.9-36.2 26.2-26.2 34.4-58 36.2-93.9 2.1-37 2.1-147.8 0-184.8zM398.8 388c-7.8 19.6-22.9 34.7-42.6 42.6-29.5 11.7-99.5 9-132.1 9s-102.7 2.6-132.1-9c-19.6-7.8-34.7-22.9-42.6-42.6-11.7-29.5-9-99.5-9-132.1s-2.6-102.7 9-132.1c7.8-19.6 22.9-34.7 42.6-42.6 29.5-11.7 99.5-9 132.1-9s102.7-2.6 132.1 9c19.6 7.8 34.7 22.9 42.6 42.6 11.7 29.5 9 99.5 9 132.1s2.7 102.7-9 132.1z\"><\/path><\/svg>\t\t\t<\/a>\n\t\t<\/div>\n\t\t\t\t\t\t<\/div>\n\t\t\t\t<\/div>\n\t\t<div class=\"elementor-element elementor-element-59cc7f63 e-con-full e-flex e-con e-child\" data-id=\"59cc7f63\" data-element_type=\"container\">\n\t\t\t\t<div class=\"elementor-element elementor-element-78a02740 elementor-widget elementor-widget-heading\" data-id=\"78a02740\" data-element_type=\"widget\" data-widget_type=\"heading.default\">\n\t\t\t\t\t<h2 class=\"elementor-heading-title elementor-size-default\">Comunicate con nosotros<\/h2>\t\t\t\t<\/div>\n\t\t\t\t<div class=\"elementor-element elementor-element-3db820e5 elementor-view-default elementor-widget elementor-widget-icon\" data-id=\"3db820e5\" data-element_type=\"widget\" data-widget_type=\"icon.default\">\n\t\t\t\t\t\t\t<div class=\"elementor-icon-wrapper\">\n\t\t\t<a class=\"elementor-icon\" href=\"http:\/\/wa.link\/0un6pb\">\n\t\t\t<svg aria-hidden=\"true\" class=\"e-font-icon-svg e-fab-whatsapp\" viewBox=\"0 0 448 512\" xmlns=\"http:\/\/www.w3.org\/2000\/svg\"><path d=\"M380.9 97.1C339 55.1 283.2 32 223.9 32c-122.4 0-222 99.6-222 222 0 39.1 10.2 77.3 29.6 111L0 480l117.7-30.9c32.4 17.7 68.9 27 106.1 27h.1c122.3 0 224.1-99.6 224.1-222 0-59.3-25.2-115-67.1-157zm-157 341.6c-33.2 0-65.7-8.9-94-25.7l-6.7-4-69.8 18.3L72 359.2l-4.4-7c-18.5-29.4-28.2-63.3-28.2-98.2 0-101.7 82.8-184.5 184.6-184.5 49.3 0 95.6 19.2 130.4 54.1 34.8 34.9 56.2 81.2 56.1 130.5 0 101.8-84.9 184.6-186.6 184.6zm101.2-138.2c-5.5-2.8-32.8-16.2-37.9-18-5.1-1.9-8.8-2.8-12.5 2.8-3.7 5.6-14.3 18-17.6 21.8-3.2 3.7-6.5 4.2-12 1.4-32.6-16.3-54-29.1-75.5-66-5.7-9.8 5.7-9.1 16.3-30.3 1.8-3.7.9-6.9-.5-9.7-1.4-2.8-12.5-30.1-17.1-41.2-4.5-10.8-9.1-9.3-12.5-9.5-3.2-.2-6.9-.2-10.6-.2-3.7 0-9.7 1.4-14.8 6.9-5.1 5.6-19.4 19-19.4 46.3 0 27.3 19.9 53.7 22.6 57.4 2.8 3.7 39.1 59.7 94.8 83.8 35.2 15.2 49 16.5 66.6 13.9 10.7-1.6 32.8-13.4 37.4-26.4 4.6-13 4.6-24.1 3.2-26.4-1.3-2.5-5-3.9-10.5-6.6z\"><\/path><\/svg>\t\t\t<\/a>\n\t\t<\/div>\n\t\t\t\t\t\t<\/div>\n\t\t\t\t<\/div>\n\t\t\t\t\t<\/div>\n\t\t\t\t<\/div>\n\t\t\t\t<\/div>\n\t\t","protected":false},"excerpt":{"rendered":"<p>\ud83c\udf0e NUESTRA EXPERIENCIA Hemos acompa\u00f1ado a organizaciones de alto impacto nacional e internacional: Electroguayas (CELEC EP) \u2013 Unidad termoel\u00e9ctrica m\u00e1s grande del pa\u00eds, con una potencia total de 1300 MW.\u2028 CIRT \u2013 Centro de Investigaci\u00f3n y Recuperaci\u00f3n de Turbinas Hidr\u00e1ulicas y Partes Industriales, responsable de generar ahorros superiores a 22 millones de d\u00f3lares al Estado.\u2028 &hellip; <a href=\"https:\/\/ceogi.net\/?page_id=337\" class=\"more-link\">Continuar leyendo<span class=\"screen-reader-text\"> \u00abSobre Nosotros\u00bb<\/span><\/a><\/p>\n","protected":false},"author":1,"featured_media":0,"parent":0,"menu_order":0,"comment_status":"closed","ping_status":"closed","template":"home.php","meta":{"footnotes":""},"class_list":["post-337","page","type-page","status-publish","hentry"],"_links":{"self":[{"href":"https:\/\/ceogi.net\/index.php?rest_route=\/wp\/v2\/pages\/337","targetHints":{"allow":["GET"]}}],"collection":[{"href":"https:\/\/ceogi.net\/index.php?rest_route=\/wp\/v2\/pages"}],"about":[{"href":"https:\/\/ceogi.net\/index.php?rest_route=\/wp\/v2\/types\/page"}],"author":[{"embeddable":true,"href":"https:\/\/ceogi.net\/index.php?rest_route=\/wp\/v2\/users\/1"}],"replies":[{"embeddable":true,"href":"https:\/\/ceogi.net\/index.php?rest_route=%2Fwp%2Fv2%2Fcomments&post=337"}],"version-history":[{"count":88,"href":"https:\/\/ceogi.net\/index.php?rest_route=\/wp\/v2\/pages\/337\/revisions"}],"predecessor-version":[{"id":1870,"href":"https:\/\/ceogi.net\/index.php?rest_route=\/wp\/v2\/pages\/337\/revisions\/1870"}],"wp:attachment":[{"href":"https:\/\/ceogi.net\/index.php?rest_route=%2Fwp%2Fv2%2Fmedia&parent=337"}],"curies":[{"name":"wp","href":"https:\/\/api.w.org\/{rel}","templated":true}]}}