{"id":402,"date":"2025-11-02T01:33:46","date_gmt":"2025-11-02T00:33:46","guid":{"rendered":"http:\/\/localhost\/ceogi\/wordpress\/?page_id=402"},"modified":"2025-11-12T15:21:06","modified_gmt":"2025-11-12T21:21:06","slug":"servicios","status":"publish","type":"page","link":"https:\/\/ceogi.net\/?page_id=402","title":{"rendered":"Servicios"},"content":{"rendered":"\t\t<div data-elementor-type=\"wp-page\" data-elementor-id=\"402\" class=\"elementor elementor-402\">\n\t\t\t\t<div class=\"elementor-element elementor-element-13aeaa4 e-flex e-con-boxed e-con e-parent\" data-id=\"13aeaa4\" data-element_type=\"container\" data-settings=\"{&quot;background_background&quot;:&quot;classic&quot;}\">\n\t\t\t\t\t<div class=\"e-con-inner\">\n\t\t\t\t<div class=\"elementor-element elementor-element-fe28c75 elementor-widget elementor-widget-image\" data-id=\"fe28c75\" data-element_type=\"widget\" data-widget_type=\"image.default\">\n\t\t\t\t\t\t\t\t\t\t\t\t\t\t\t<img fetchpriority=\"high\" decoding=\"async\" width=\"1536\" height=\"1024\" src=\"https:\/\/ceogi.net\/wp-content\/uploads\/2025\/11\/servicios-1.png\" class=\"attachment-full size-full wp-image-1712\" alt=\"\" \/>\t\t\t\t\t\t\t\t\t\t\t\t\t\t\t<\/div>\n\t\t\t\t\t<\/div>\n\t\t\t\t<\/div>\n\t\t<div class=\"elementor-element elementor-element-89e7d29 e-flex e-con-boxed e-con e-parent\" data-id=\"89e7d29\" data-element_type=\"container\">\n\t\t\t\t\t<div class=\"e-con-inner\">\n\t\t\t\t<div class=\"elementor-element elementor-element-f082bcb elementor-widget elementor-widget-heading\" data-id=\"f082bcb\" data-element_type=\"widget\" data-widget_type=\"heading.default\">\n\t\t\t\t\t<h2 class=\"elementor-heading-title elementor-size-default\">Sistemas de Gesti\u00f3n bajo Normas ISO<\/h2>\t\t\t\t<\/div>\n\t\t\t\t<div class=\"elementor-element elementor-element-e81dfe8 elementor-widget elementor-widget-text-editor\" data-id=\"e81dfe8\" data-element_type=\"widget\" data-widget_type=\"text-editor.default\">\n\t\t\t\t\t\t\t\t\t<p>En CEOGI brindamos un acompa\u00f1amiento integral en la implementaci\u00f3n, documentaci\u00f3n, capacitaci\u00f3n, auditor\u00eda interna, externa de certificaci\u00f3n y mantenimiento de sistemas de gesti\u00f3n, adaptados a la realidad y necesidades de cada organizaci\u00f3n.<\/p>\t\t\t\t\t\t\t\t<\/div>\n\t\t\t\t\t<\/div>\n\t\t\t\t<\/div>\n\t\t<div class=\"elementor-element elementor-element-0bf9e43 e-flex e-con-boxed e-con e-parent\" data-id=\"0bf9e43\" data-element_type=\"container\">\n\t\t\t\t\t<div class=\"e-con-inner\">\n\t\t\t\t<div class=\"elementor-element elementor-element-d6f38cf elementor-widget elementor-widget-heading\" data-id=\"d6f38cf\" data-element_type=\"widget\" data-widget_type=\"heading.default\">\n\t\t\t\t\t<h2 class=\"elementor-heading-title elementor-size-default\">Normas que implementamos e integramos<\/h2>\t\t\t\t<\/div>\n\t\t\t\t\t<\/div>\n\t\t\t\t<\/div>\n\t\t<div class=\"elementor-element elementor-element-6c8ebce e-flex e-con-boxed e-con e-parent\" data-id=\"6c8ebce\" data-element_type=\"container\">\n\t\t\t\t\t<div class=\"e-con-inner\">\n\t\t<div class=\"elementor-element elementor-element-6677141 e-con-full e-flex e-con e-child\" data-id=\"6677141\" data-element_type=\"container\">\n\t\t\t\t<div class=\"elementor-element elementor-element-31b3fc7 elementor-widget elementor-widget-image\" data-id=\"31b3fc7\" data-element_type=\"widget\" data-widget_type=\"image.default\">\n\t\t\t\t\t\t\t\t\t\t\t\t\t\t\t\t<a href=\"https:\/\/ceogi.net\/?page_id=631\">\n\t\t\t\t\t\t\t<img decoding=\"async\" width=\"709\" height=\"690\" src=\"https:\/\/ceogi.net\/wp-content\/uploads\/2025\/11\/logo-iso-9001-3-1.jpg\" class=\"elementor-animation-shrink attachment-large size-large wp-image-1387\" alt=\"\" \/>\t\t\t\t\t\t\t\t<\/a>\n\t\t\t\t\t\t\t\t\t\t\t\t\t\t\t<\/div>\n\t\t\t\t<\/div>\n\t\t<div class=\"elementor-element elementor-element-544ad2b e-con-full e-flex e-con e-child\" data-id=\"544ad2b\" data-element_type=\"container\">\n\t\t\t\t<div class=\"elementor-element elementor-element-d31710a elementor-widget elementor-widget-image\" data-id=\"d31710a\" data-element_type=\"widget\" data-widget_type=\"image.default\">\n\t\t\t\t\t\t\t\t\t\t\t\t\t\t\t\t<a href=\"https:\/\/ceogi.net\/?page_id=1037\">\n\t\t\t\t\t\t\t<img decoding=\"async\" width=\"840\" height=\"838\" src=\"https:\/\/ceogi.net\/wp-content\/uploads\/2025\/11\/iso-14001-n-1.jpg\" class=\"elementor-animation-shrink attachment-large size-large wp-image-1391\" alt=\"\" \/>\t\t\t\t\t\t\t\t<\/a>\n\t\t\t\t\t\t\t\t\t\t\t\t\t\t\t<\/div>\n\t\t\t\t<\/div>\n\t\t<div class=\"elementor-element elementor-element-5ce654d e-con-full e-flex e-con e-child\" data-id=\"5ce654d\" data-element_type=\"container\">\n\t\t\t\t<div class=\"elementor-element elementor-element-bf97ef7 elementor-widget elementor-widget-image\" data-id=\"bf97ef7\" data-element_type=\"widget\" data-widget_type=\"image.default\">\n\t\t\t\t\t\t\t\t\t\t\t\t\t\t\t\t<a href=\"https:\/\/ceogi.net\/?page_id=1143\">\n\t\t\t\t\t\t\t<img loading=\"lazy\" decoding=\"async\" width=\"840\" height=\"840\" src=\"https:\/\/ceogi.net\/wp-content\/uploads\/2025\/11\/iso-37001.jpg\" class=\"elementor-animation-shrink attachment-large size-large wp-image-433\" alt=\"ISO 37001\" \/>\t\t\t\t\t\t\t\t<\/a>\n\t\t\t\t\t\t\t\t\t\t\t\t\t\t\t<\/div>\n\t\t\t\t<\/div>\n\t\t<div class=\"elementor-element elementor-element-48d5f48 e-con-full e-flex e-con e-child\" data-id=\"48d5f48\" data-element_type=\"container\">\n\t\t\t\t<div class=\"elementor-element elementor-element-ca82d82 elementor-widget elementor-widget-image\" data-id=\"ca82d82\" data-element_type=\"widget\" data-widget_type=\"image.default\">\n\t\t\t\t\t\t\t\t\t\t\t\t\t\t\t\t<a href=\"https:\/\/ceogi.net\/?page_id=1071\">\n\t\t\t\t\t\t\t<img loading=\"lazy\" decoding=\"async\" width=\"840\" height=\"840\" src=\"https:\/\/ceogi.net\/wp-content\/uploads\/2025\/11\/iso-42001.jpg\" class=\"elementor-animation-shrink attachment-large size-large wp-image-434\" alt=\"ISO 42001\" \/>\t\t\t\t\t\t\t\t<\/a>\n\t\t\t\t\t\t\t\t\t\t\t\t\t\t\t<\/div>\n\t\t\t\t<div class=\"elementor-element elementor-element-66801dc elementor-widget elementor-widget-image\" data-id=\"66801dc\" data-element_type=\"widget\" data-widget_type=\"image.default\">\n\t\t\t\t\t\t\t\t\t\t\t\t\t\t\t\t<a href=\"https:\/\/ceogi.net\/?page_id=1348\">\n\t\t\t\t\t\t\t<img loading=\"lazy\" decoding=\"async\" width=\"400\" height=\"400\" src=\"https:\/\/ceogi.net\/wp-content\/uploads\/2025\/11\/logo-BASC.png\" class=\"elementor-animation-shrink attachment-medium_large size-medium_large wp-image-438\" alt=\"BASC\" \/>\t\t\t\t\t\t\t\t<\/a>\n\t\t\t\t\t\t\t\t\t\t\t\t\t\t\t<\/div>\n\t\t\t\t<\/div>\n\t\t<div class=\"elementor-element elementor-element-d7e05da e-con-full e-flex e-con e-child\" data-id=\"d7e05da\" data-element_type=\"container\">\n\t\t\t\t<div class=\"elementor-element elementor-element-ef31713 elementor-widget elementor-widget-image\" data-id=\"ef31713\" data-element_type=\"widget\" data-widget_type=\"image.default\">\n\t\t\t\t\t\t\t\t\t\t\t\t\t\t\t\t<a href=\"https:\/\/ceogi.net\/?page_id=1266\">\n\t\t\t\t\t\t\t<img loading=\"lazy\" decoding=\"async\" width=\"840\" height=\"840\" src=\"https:\/\/ceogi.net\/wp-content\/uploads\/2025\/11\/iso-45001.jpg\" class=\"elementor-animation-shrink attachment-large size-large wp-image-435\" alt=\"ISO 45001\" \/>\t\t\t\t\t\t\t\t<\/a>\n\t\t\t\t\t\t\t\t\t\t\t\t\t\t\t<\/div>\n\t\t\t\t<\/div>\n\t\t<div class=\"elementor-element elementor-element-4fd2fcb e-con-full e-flex e-con e-child\" data-id=\"4fd2fcb\" data-element_type=\"container\">\n\t\t\t\t<div class=\"elementor-element elementor-element-7105e0e elementor-widget elementor-widget-image\" data-id=\"7105e0e\" data-element_type=\"widget\" data-widget_type=\"image.default\">\n\t\t\t\t\t\t\t\t\t\t\t\t\t\t\t\t<a href=\"https:\/\/ceogi.net\/?page_id=1311\">\n\t\t\t\t\t\t\t<img loading=\"lazy\" decoding=\"async\" width=\"840\" height=\"840\" src=\"https:\/\/ceogi.net\/wp-content\/uploads\/2025\/11\/iso-50001.jpg\" class=\"elementor-animation-shrink attachment-large size-large wp-image-436\" alt=\"ISO 50001\" \/>\t\t\t\t\t\t\t\t<\/a>\n\t\t\t\t\t\t\t\t\t\t\t\t\t\t\t<\/div>\n\t\t\t\t<\/div>\n\t\t\t\t\t<\/div>\n\t\t\t\t<\/div>\n\t\t<div class=\"elementor-element elementor-element-e599544 e-flex e-con-boxed e-con e-parent\" data-id=\"e599544\" data-element_type=\"container\" data-settings=\"{&quot;background_background&quot;:&quot;classic&quot;}\">\n\t\t\t\t\t<div class=\"e-con-inner\">\n\t\t\t\t<div class=\"elementor-element elementor-element-132bc86 elementor-widget elementor-widget-heading\" data-id=\"132bc86\" data-element_type=\"widget\" data-widget_type=\"heading.default\">\n\t\t\t\t\t<h2 class=\"elementor-heading-title elementor-size-default\">Auditor\u00edas y Mejora Continua<\/h2>\t\t\t\t<\/div>\n\t\t\t\t<div class=\"elementor-element elementor-element-01464b9 elementor-widget elementor-widget-text-editor\" data-id=\"01464b9\" data-element_type=\"widget\" data-widget_type=\"text-editor.default\">\n\t\t\t\t\t\t\t\t\t<p>Nuestros auditores certificados aseguran que los sistemas implementados se mantengan eficaces y en constante evoluci\u00f3n.\u2028 Realizamos:<\/p><ul role=\"list\"><li>Auditor\u00edas internas<\/li><li>Preparaci\u00f3n y acompa\u00f1amiento auditor\u00edas externas de certificaci\u00f3n, seguimiento\u00a0 y recertificaci\u00f3n<\/li><li>Seguimientos post implementaci\u00f3n<\/li><\/ul><p>Resultado: mejora del desempe\u00f1o, reducci\u00f3n de riesgos y cumplimiento normativo continuo.<\/p>\t\t\t\t\t\t\t\t<\/div>\n\t\t\t\t\t<\/div>\n\t\t\t\t<\/div>\n\t\t<div class=\"elementor-element elementor-element-bfdd1b0 e-flex e-con-boxed e-con e-parent\" data-id=\"bfdd1b0\" data-element_type=\"container\" data-settings=\"{&quot;background_background&quot;:&quot;classic&quot;}\">\n\t\t\t\t\t<div class=\"e-con-inner\">\n\t\t\t\t<div class=\"elementor-element elementor-element-9748582 elementor-widget elementor-widget-image\" data-id=\"9748582\" data-element_type=\"widget\" data-widget_type=\"image.default\">\n\t\t\t\t\t\t\t\t\t\t\t\t\t\t\t<img decoding=\"async\" src=\"https:\/\/ceogi.net\/wp-content\/uploads\/2025\/11\/autom-1.png\" title=\"autom\" alt=\"autom\" loading=\"lazy\" \/>\t\t\t\t\t\t\t\t\t\t\t\t\t\t\t<\/div>\n\t\t\t\t\t<\/div>\n\t\t\t\t<\/div>\n\t\t<div class=\"elementor-element elementor-element-b4bc4ad e-flex e-con-boxed e-con e-parent\" data-id=\"b4bc4ad\" data-element_type=\"container\" data-settings=\"{&quot;background_background&quot;:&quot;classic&quot;}\">\n\t\t\t\t\t<div class=\"e-con-inner\">\n\t\t\t\t<div class=\"elementor-element elementor-element-499bacb elementor-widget elementor-widget-image\" data-id=\"499bacb\" data-element_type=\"widget\" data-widget_type=\"image.default\">\n\t\t\t\t\t\t\t\t\t\t\t\t\t\t\t<img decoding=\"async\" src=\"https:\/\/ceogi.net\/wp-content\/uploads\/2025\/11\/trans-1.png\" title=\"trans 1\" alt=\"trans 1\" loading=\"lazy\" \/>\t\t\t\t\t\t\t\t\t\t\t\t\t\t\t<\/div>\n\t\t\t\t\t<\/div>\n\t\t\t\t<\/div>\n\t\t<div class=\"elementor-element elementor-element-1521303 e-flex e-con-boxed e-con e-parent\" data-id=\"1521303\" data-element_type=\"container\">\n\t\t\t\t\t<div class=\"e-con-inner\">\n\t\t<div class=\"elementor-element elementor-element-0511b9b e-con-full e-flex e-con e-child\" data-id=\"0511b9b\" data-element_type=\"container\">\n\t\t\t\t<div class=\"elementor-element elementor-element-9f3dea0 elementor-widget elementor-widget-heading\" data-id=\"9f3dea0\" data-element_type=\"widget\" data-widget_type=\"heading.default\">\n\t\t\t\t\t<h2 class=\"elementor-heading-title elementor-size-default\">Formaci\u00f3n para la excelencia<\/h2>\t\t\t\t<\/div>\n\t\t\t\t<\/div>\n\t\t<div class=\"elementor-element elementor-element-2edea47 e-con-full e-flex e-con e-child\" data-id=\"2edea47\" data-element_type=\"container\">\n\t\t\t\t<div class=\"elementor-element elementor-element-86fa116 elementor-widget elementor-widget-image\" data-id=\"86fa116\" data-element_type=\"widget\" data-widget_type=\"image.default\">\n\t\t\t\t\t\t\t\t\t\t\t\t\t\t\t<img loading=\"lazy\" decoding=\"async\" width=\"840\" height=\"560\" src=\"https:\/\/ceogi.net\/wp-content\/uploads\/2025\/11\/ceogi-academic.png\" class=\"attachment-large size-large wp-image-177\" alt=\"\" \/>\t\t\t\t\t\t\t\t\t\t\t\t\t\t\t<\/div>\n\t\t\t\t<\/div>\n\t\t\t\t\t<\/div>\n\t\t\t\t<\/div>\n\t\t<div class=\"elementor-element elementor-element-93ae30b e-flex e-con-boxed e-con e-parent\" data-id=\"93ae30b\" data-element_type=\"container\">\n\t\t\t\t\t<div class=\"e-con-inner\">\n\t\t\t\t<div class=\"elementor-element elementor-element-fd5d53b elementor-widget elementor-widget-text-editor\" data-id=\"fd5d53b\" data-element_type=\"widget\" data-widget_type=\"text-editor.default\">\n\t\t\t\t\t\t\t\t\t<p>Fortalecemos las capacidades de tu equipo con programas de formaci\u00f3n pr\u00e1ctica y personalizada, enfocados en:<\/p><ul role=\"list\"><li>Interpretaci\u00f3n de normas ISO<\/li><li>Capacitaci\u00f3n a Auditories Internos y Auditores lideres<\/li><li>Gesti\u00f3n de riesgos y oportunidades<\/li><li>Cultura de calidad y mejora continua<\/li><\/ul><p>Modalidad: presencial o virtual.<\/p><p>Con el aval Nacional del Ministerio de trabajo e Internacional de CERTIPROF\u00a0<\/p>\t\t\t\t\t\t\t\t<\/div>\n\t\t\t\t\t<\/div>\n\t\t\t\t<\/div>\n\t\t<div class=\"elementor-element elementor-element-83b07c7 e-flex e-con-boxed e-con e-parent\" data-id=\"83b07c7\" data-element_type=\"container\">\n\t\t\t\t\t<div class=\"e-con-inner\">\n\t\t<div class=\"elementor-element elementor-element-64323a0 e-con-full e-flex e-con e-child\" data-id=\"64323a0\" data-element_type=\"container\">\n\t\t\t\t<div class=\"elementor-element elementor-element-6720096 elementor-widget elementor-widget-image\" data-id=\"6720096\" data-element_type=\"widget\" data-widget_type=\"image.default\">\n\t\t\t\t\t\t\t\t\t\t\t\t\t\t\t<img loading=\"lazy\" decoding=\"async\" width=\"379\" height=\"122\" src=\"https:\/\/ceogi.net\/wp-content\/uploads\/2025\/11\/mdt.jpg\" class=\"attachment-large size-large wp-image-453\" alt=\"\" \/>\t\t\t\t\t\t\t\t\t\t\t\t\t\t\t<\/div>\n\t\t\t\t<\/div>\n\t\t<div class=\"elementor-element elementor-element-a3710e8 e-con-full e-flex e-con e-child\" data-id=\"a3710e8\" data-element_type=\"container\">\n\t\t\t\t<div class=\"elementor-element elementor-element-fb410e6 elementor-widget elementor-widget-image\" data-id=\"fb410e6\" data-element_type=\"widget\" data-widget_type=\"image.default\">\n\t\t\t\t\t\t\t\t\t\t\t\t\t\t\t<img loading=\"lazy\" decoding=\"async\" width=\"300\" height=\"300\" src=\"https:\/\/ceogi.net\/wp-content\/uploads\/2025\/11\/certiporff.jpg\" class=\"attachment-medium size-medium wp-image-461\" alt=\"\" \/>\t\t\t\t\t\t\t\t\t\t\t\t\t\t\t<\/div>\n\t\t\t\t<\/div>\n\t\t\t\t\t<\/div>\n\t\t\t\t<\/div>\n\t\t<div class=\"elementor-element elementor-element-fbb0c5a e-flex e-con-boxed e-con e-parent\" data-id=\"fbb0c5a\" data-element_type=\"container\" data-settings=\"{&quot;background_background&quot;:&quot;classic&quot;}\">\n\t\t\t\t\t<div class=\"e-con-inner\">\n\t\t\t\t<div class=\"elementor-element elementor-element-eb170be elementor-widget elementor-widget-image\" data-id=\"eb170be\" data-element_type=\"widget\" data-widget_type=\"image.default\">\n\t\t\t\t\t\t\t\t\t\t\t\t\t\t\t<img decoding=\"async\" src=\"https:\/\/ceogi.net\/wp-content\/uploads\/2025\/11\/soluciones.jpg\" title=\"soluciones\" alt=\"soluciones\" loading=\"lazy\" \/>\t\t\t\t\t\t\t\t\t\t\t\t\t\t\t<\/div>\n\t\t\t\t\t<\/div>\n\t\t\t\t<\/div>\n\t\t<div class=\"elementor-element elementor-element-09dd679 e-flex e-con-boxed e-con e-parent\" data-id=\"09dd679\" data-element_type=\"container\">\n\t\t\t\t\t<div class=\"e-con-inner\">\n\t\t\t\t<div class=\"elementor-element elementor-element-8b252fb elementor-widget elementor-widget-heading\" data-id=\"8b252fb\" data-element_type=\"widget\" data-widget_type=\"heading.default\">\n\t\t\t\t\t<h2 class=\"elementor-heading-title elementor-size-default\">Conf\u00eda en expertos en gesti\u00f3n<\/h2>\t\t\t\t<\/div>\n\t\t\t\t<div class=\"elementor-element elementor-element-a779676 elementor-widget elementor-widget-text-editor\" data-id=\"a779676\" data-element_type=\"widget\" data-widget_type=\"text-editor.default\">\n\t\t\t\t\t\t\t\t\t<p>M\u00e1s de una d\u00e9cada de experiencia impulsando organizaciones hacia la excelencia operativa bajo est\u00e1ndares internacionales.<\/p><p>Permite que tu organizaci\u00f3n alcance los m\u00e1s altos est\u00e1ndares de calidad, seguridad y sostenibilidad.<\/p>\t\t\t\t\t\t\t\t<\/div>\n\t\t\t\t<div class=\"elementor-element elementor-element-10a8717 elementor-widget elementor-widget-button\" data-id=\"10a8717\" data-element_type=\"widget\" data-widget_type=\"button.default\">\n\t\t\t\t\t\t\t\t\t\t<a class=\"elementor-button elementor-button-link elementor-size-sm\" href=\"#\">\n\t\t\t\t\t\t<span class=\"elementor-button-content-wrapper\">\n\t\t\t\t\t\t\t\t\t<span class=\"elementor-button-text\"> Contactenos hoy mismo<\/span>\n\t\t\t\t\t<\/span>\n\t\t\t\t\t<\/a>\n\t\t\t\t\t\t\t\t<\/div>\n\t\t\t\t\t<\/div>\n\t\t\t\t<\/div>\n\t\t<div class=\"elementor-element elementor-element-4dde5de4 e-flex e-con-boxed e-con e-parent\" data-id=\"4dde5de4\" data-element_type=\"container\" data-settings=\"{&quot;background_background&quot;:&quot;classic&quot;}\">\n\t\t\t\t\t<div class=\"e-con-inner\">\n\t\t<div class=\"elementor-element elementor-element-667f7c46 e-con-full e-flex e-con e-child\" data-id=\"667f7c46\" data-element_type=\"container\">\n\t\t\t\t<div class=\"elementor-element elementor-element-1f0fc87 elementor-widget elementor-widget-image\" data-id=\"1f0fc87\" data-element_type=\"widget\" data-widget_type=\"image.default\">\n\t\t\t\t\t\t\t\t\t\t\t\t\t\t\t<img loading=\"lazy\" decoding=\"async\" width=\"819\" height=\"262\" src=\"https:\/\/ceogi.net\/wp-content\/uploads\/2025\/11\/ceo2.jpg\" class=\"attachment-large size-large wp-image-313\" alt=\"\" \/>\t\t\t\t\t\t\t\t\t\t\t\t\t\t\t<\/div>\n\t\t\t\t<\/div>\n\t\t<div class=\"elementor-element elementor-element-7df08542 e-con-full e-flex e-con e-child\" data-id=\"7df08542\" data-element_type=\"container\">\n\t\t\t\t<div class=\"elementor-element elementor-element-410e2bf9 elementor-widget elementor-widget-heading\" data-id=\"410e2bf9\" data-element_type=\"widget\" data-widget_type=\"heading.default\">\n\t\t\t\t\t<h2 class=\"elementor-heading-title elementor-size-default\">Direcci\u00f3n<\/h2>\t\t\t\t<\/div>\n\t\t\t\t<div class=\"elementor-element elementor-element-69c0c1a7 elementor-widget elementor-widget-text-editor\" data-id=\"69c0c1a7\" data-element_type=\"widget\" data-widget_type=\"text-editor.default\">\n\t\t\t\t\t\t\t\t\t<p>Urdesa Norte Avenida Primera #222 y calle tercera<\/p>\t\t\t\t\t\t\t\t<\/div>\n\t\t\t\t<\/div>\n\t\t<div class=\"elementor-element elementor-element-4b2dada4 e-con-full e-flex e-con e-child\" data-id=\"4b2dada4\" data-element_type=\"container\">\n\t\t\t\t<div class=\"elementor-element elementor-element-3b6ae382 elementor-widget elementor-widget-heading\" data-id=\"3b6ae382\" data-element_type=\"widget\" data-widget_type=\"heading.default\">\n\t\t\t\t\t<h2 class=\"elementor-heading-title elementor-size-default\">Redes Sociales<\/h2>\t\t\t\t<\/div>\n\t\t\t\t<div class=\"elementor-element elementor-element-42acccee elementor-view-default elementor-widget elementor-widget-icon\" data-id=\"42acccee\" data-element_type=\"widget\" data-widget_type=\"icon.default\">\n\t\t\t\t\t\t\t<div class=\"elementor-icon-wrapper\">\n\t\t\t<a class=\"elementor-icon\" href=\"https:\/\/www.linkedin.com\/company\/ceogi\/?viewAsMember=true\">\n\t\t\t<svg aria-hidden=\"true\" class=\"e-font-icon-svg e-fab-linkedin\" viewBox=\"0 0 448 512\" xmlns=\"http:\/\/www.w3.org\/2000\/svg\"><path d=\"M416 32H31.9C14.3 32 0 46.5 0 64.3v383.4C0 465.5 14.3 480 31.9 480H416c17.6 0 32-14.5 32-32.3V64.3c0-17.8-14.4-32.3-32-32.3zM135.4 416H69V202.2h66.5V416zm-33.2-243c-21.3 0-38.5-17.3-38.5-38.5S80.9 96 102.2 96c21.2 0 38.5 17.3 38.5 38.5 0 21.3-17.2 38.5-38.5 38.5zm282.1 243h-66.4V312c0-24.8-.5-56.7-34.5-56.7-34.6 0-39.9 27-39.9 54.9V416h-66.4V202.2h63.7v29.2h.9c8.9-16.8 30.6-34.5 62.9-34.5 67.2 0 79.7 44.3 79.7 101.9V416z\"><\/path><\/svg>\t\t\t<\/a>\n\t\t<\/div>\n\t\t\t\t\t\t<\/div>\n\t\t\t\t<div class=\"elementor-element elementor-element-7c11d7c elementor-view-default elementor-widget elementor-widget-icon\" data-id=\"7c11d7c\" data-element_type=\"widget\" data-widget_type=\"icon.default\">\n\t\t\t\t\t\t\t<div class=\"elementor-icon-wrapper\">\n\t\t\t<a class=\"elementor-icon\" href=\"https:\/\/www.instagram.com\/ceo_gestiones_integrales?utm_source=ig_web_button_share_sheet&#038;igsh=ZDNlZDc0MzIxNw==\">\n\t\t\t<svg aria-hidden=\"true\" class=\"e-font-icon-svg e-fab-instagram\" viewBox=\"0 0 448 512\" xmlns=\"http:\/\/www.w3.org\/2000\/svg\"><path d=\"M224.1 141c-63.6 0-114.9 51.3-114.9 114.9s51.3 114.9 114.9 114.9S339 319.5 339 255.9 287.7 141 224.1 141zm0 189.6c-41.1 0-74.7-33.5-74.7-74.7s33.5-74.7 74.7-74.7 74.7 33.5 74.7 74.7-33.6 74.7-74.7 74.7zm146.4-194.3c0 14.9-12 26.8-26.8 26.8-14.9 0-26.8-12-26.8-26.8s12-26.8 26.8-26.8 26.8 12 26.8 26.8zm76.1 27.2c-1.7-35.9-9.9-67.7-36.2-93.9-26.2-26.2-58-34.4-93.9-36.2-37-2.1-147.9-2.1-184.9 0-35.8 1.7-67.6 9.9-93.9 36.1s-34.4 58-36.2 93.9c-2.1 37-2.1 147.9 0 184.9 1.7 35.9 9.9 67.7 36.2 93.9s58 34.4 93.9 36.2c37 2.1 147.9 2.1 184.9 0 35.9-1.7 67.7-9.9 93.9-36.2 26.2-26.2 34.4-58 36.2-93.9 2.1-37 2.1-147.8 0-184.8zM398.8 388c-7.8 19.6-22.9 34.7-42.6 42.6-29.5 11.7-99.5 9-132.1 9s-102.7 2.6-132.1-9c-19.6-7.8-34.7-22.9-42.6-42.6-11.7-29.5-9-99.5-9-132.1s-2.6-102.7 9-132.1c7.8-19.6 22.9-34.7 42.6-42.6 29.5-11.7 99.5-9 132.1-9s102.7-2.6 132.1 9c19.6 7.8 34.7 22.9 42.6 42.6 11.7 29.5 9 99.5 9 132.1s2.7 102.7-9 132.1z\"><\/path><\/svg>\t\t\t<\/a>\n\t\t<\/div>\n\t\t\t\t\t\t<\/div>\n\t\t\t\t<\/div>\n\t\t<div class=\"elementor-element elementor-element-125dacc5 e-con-full e-flex e-con e-child\" data-id=\"125dacc5\" data-element_type=\"container\">\n\t\t\t\t<div class=\"elementor-element elementor-element-4c0d15fc elementor-widget elementor-widget-heading\" data-id=\"4c0d15fc\" data-element_type=\"widget\" data-widget_type=\"heading.default\">\n\t\t\t\t\t<h2 class=\"elementor-heading-title elementor-size-default\">Comunicate con nosotros<\/h2>\t\t\t\t<\/div>\n\t\t\t\t<div class=\"elementor-element elementor-element-3e7f2097 elementor-view-default elementor-widget elementor-widget-icon\" data-id=\"3e7f2097\" data-element_type=\"widget\" data-widget_type=\"icon.default\">\n\t\t\t\t\t\t\t<div class=\"elementor-icon-wrapper\">\n\t\t\t<a class=\"elementor-icon\" href=\"http:\/\/wa.link\/0un6pb\">\n\t\t\t<svg aria-hidden=\"true\" class=\"e-font-icon-svg e-fab-whatsapp\" viewBox=\"0 0 448 512\" xmlns=\"http:\/\/www.w3.org\/2000\/svg\"><path d=\"M380.9 97.1C339 55.1 283.2 32 223.9 32c-122.4 0-222 99.6-222 222 0 39.1 10.2 77.3 29.6 111L0 480l117.7-30.9c32.4 17.7 68.9 27 106.1 27h.1c122.3 0 224.1-99.6 224.1-222 0-59.3-25.2-115-67.1-157zm-157 341.6c-33.2 0-65.7-8.9-94-25.7l-6.7-4-69.8 18.3L72 359.2l-4.4-7c-18.5-29.4-28.2-63.3-28.2-98.2 0-101.7 82.8-184.5 184.6-184.5 49.3 0 95.6 19.2 130.4 54.1 34.8 34.9 56.2 81.2 56.1 130.5 0 101.8-84.9 184.6-186.6 184.6zm101.2-138.2c-5.5-2.8-32.8-16.2-37.9-18-5.1-1.9-8.8-2.8-12.5 2.8-3.7 5.6-14.3 18-17.6 21.8-3.2 3.7-6.5 4.2-12 1.4-32.6-16.3-54-29.1-75.5-66-5.7-9.8 5.7-9.1 16.3-30.3 1.8-3.7.9-6.9-.5-9.7-1.4-2.8-12.5-30.1-17.1-41.2-4.5-10.8-9.1-9.3-12.5-9.5-3.2-.2-6.9-.2-10.6-.2-3.7 0-9.7 1.4-14.8 6.9-5.1 5.6-19.4 19-19.4 46.3 0 27.3 19.9 53.7 22.6 57.4 2.8 3.7 39.1 59.7 94.8 83.8 35.2 15.2 49 16.5 66.6 13.9 10.7-1.6 32.8-13.4 37.4-26.4 4.6-13 4.6-24.1 3.2-26.4-1.3-2.5-5-3.9-10.5-6.6z\"><\/path><\/svg>\t\t\t<\/a>\n\t\t<\/div>\n\t\t\t\t\t\t<\/div>\n\t\t\t\t<\/div>\n\t\t\t\t\t<\/div>\n\t\t\t\t<\/div>\n\t\t\t\t<\/div>\n\t\t","protected":false},"excerpt":{"rendered":"<p>Sistemas de Gesti\u00f3n bajo Normas ISO En CEOGI brindamos un acompa\u00f1amiento integral en la implementaci\u00f3n, documentaci\u00f3n, capacitaci\u00f3n, auditor\u00eda interna, externa de certificaci\u00f3n y mantenimiento de sistemas de gesti\u00f3n, adaptados a la realidad y necesidades de cada organizaci\u00f3n. Normas que implementamos e integramos Auditor\u00edas y Mejora Continua Nuestros auditores certificados aseguran que los sistemas implementados se &hellip; <a href=\"https:\/\/ceogi.net\/?page_id=402\" class=\"more-link\">Continuar leyendo<span class=\"screen-reader-text\"> \u00abServicios\u00bb<\/span><\/a><\/p>\n","protected":false},"author":1,"featured_media":0,"parent":0,"menu_order":0,"comment_status":"closed","ping_status":"closed","template":"home.php","meta":{"footnotes":""},"class_list":["post-402","page","type-page","status-publish","hentry"],"_links":{"self":[{"href":"https:\/\/ceogi.net\/index.php?rest_route=\/wp\/v2\/pages\/402","targetHints":{"allow":["GET"]}}],"collection":[{"href":"https:\/\/ceogi.net\/index.php?rest_route=\/wp\/v2\/pages"}],"about":[{"href":"https:\/\/ceogi.net\/index.php?rest_route=\/wp\/v2\/types\/page"}],"author":[{"embeddable":true,"href":"https:\/\/ceogi.net\/index.php?rest_route=\/wp\/v2\/users\/1"}],"replies":[{"embeddable":true,"href":"https:\/\/ceogi.net\/index.php?rest_route=%2Fwp%2Fv2%2Fcomments&post=402"}],"version-history":[{"count":205,"href":"https:\/\/ceogi.net\/index.php?rest_route=\/wp\/v2\/pages\/402\/revisions"}],"predecessor-version":[{"id":1886,"href":"https:\/\/ceogi.net\/index.php?rest_route=\/wp\/v2\/pages\/402\/revisions\/1886"}],"wp:attachment":[{"href":"https:\/\/ceogi.net\/index.php?rest_route=%2Fwp%2Fv2%2Fmedia&parent=402"}],"curies":[{"name":"wp","href":"https:\/\/api.w.org\/{rel}","templated":true}]}}